{"id":589,"date":"2025-06-09T02:52:01","date_gmt":"2025-06-09T00:52:01","guid":{"rendered":"https:\/\/letoschutigalbani.cz\/informace-o-suboroch-cookies\/"},"modified":"2025-06-10T08:46:07","modified_gmt":"2025-06-10T06:46:07","slug":"informace-o-suboroch-cookies","status":"publish","type":"page","link":"https:\/\/letoschutigalbani.cz\/sk\/informace-o-suboroch-cookies\/","title":{"rendered":"Inform\u00e1cie o s\u00faboroch cookies"},"content":{"rendered":"\n<p>Na\u0161a spolo\u010dnos\u0165 Lactalis CZ, s.r.o., so s\u00eddlom L\u00edbalova 2348\/1, Chodov, 149 00 Praha 4, I\u010cO: 271 32 471, zap\u00edsan\u00e1 v obchodnom registri vedenom Mestsk\u00fdm s\u00fadom v Prahe pod spisovou zna\u010dkou C 98707 (\u010falej len &#8222;Lactalis&#8220;), pou\u017e\u00edva na tejto webovej str\u00e1nke s\u00fabory cookie na zabezpe\u010denie funk\u010dnosti webovej str\u00e1nky, meranie n\u00e1v\u0161tevnosti webovej str\u00e1nky a cielenie reklamy. S\u00fabory cookie na cielenie reklamy sa pou\u017e\u00edvaj\u00fa len v pr\u00edpade, \u017ee ste na to dali v\u00fdslovn\u00fd s\u00fahlas. S\u00fabory cookie na zabezpe\u010denie funk\u010dnosti str\u00e1nky a meranie n\u00e1v\u0161tevnosti sa pou\u017e\u00edvaj\u00fa na z\u00e1klade n\u00e1\u0161ho opr\u00e1vnen\u00e9ho z\u00e1ujmu.<\/p>\n\n\n\n<p>Tieto \u00fadaje m\u00f4\u017eu by\u0165 spr\u00edstupnen\u00e9 in\u00fdm spracovate\u013eom, najm\u00e4 prev\u00e1dzkovate\u013eom analytick\u00fdch a reklamn\u00fdch n\u00e1strojov.<\/p>\n\n\n\n<p>Na\u0161e webov\u00e9 str\u00e1nky m\u00f4\u017eete pou\u017e\u00edva\u0165 aj v re\u017eime prehliada\u010da, ktor\u00fd neumo\u017e\u0148uje ukladanie s\u00faborov cookie. Niektor\u00e9 funkcie webovej str\u00e1nky v\u0161ak potom nemusia by\u0165 funk\u010dn\u00e9.<\/p>\n\n\n\n<h2 class=\"wp-block-heading\">S\u00fahlas so spracovan\u00edm s\u00faborov cookie na \u00fa\u010dely cielenia reklamy<\/h2>\n\n\n\n<p>Kliknite na tla\u010didlo &#8222;\u00c1no, s\u00fahlas\u00edm&#8220; v oznamovacej li\u0161te v spodnej \u010dasti webovej str\u00e1nky, kde sa p\u00ed\u0161e: &#8222;S\u00fabory cookie pou\u017e\u00edvame na prisp\u00f4sobenie obsahu, poskytovanie funkci\u00ed soci\u00e1lnych m\u00e9di\u00ed a anal\u00fdzu n\u00e1v\u0161tevnosti. Inform\u00e1cie o tom, ako pou\u017e\u00edvate na\u0161u webov\u00fa lokalitu, zdie\u013eame s na\u0161imi partnermi v oblasti soci\u00e1lnych m\u00e9di\u00ed, reklamy a anal\u00fdzy. S\u00fahlas m\u00f4\u017eete vyjadri\u0165 kliknut\u00edm na tla\u010didlo \u201a\u00c1no, s\u00fahlas\u00edm\u2018.&#8220; V\u00e1\u0161 s\u00fahlas plat\u00ed maxim\u00e1lne 3 roky a m\u00f4\u017eete ho kedyko\u013evek odvola\u0165 pr\u00edslu\u0161nou \u00fapravou nastaven\u00ed prehliada\u010da.<\/p>\n\n\n\n<h2 class=\"wp-block-heading\">O \u010do m\u00f4\u017eete po\u017eiada\u0165?<\/h2>\n\n\n\n<p>V s\u00falade s platn\u00fdmi pr\u00e1vnymi predpismi m\u00e1te pr\u00e1vo po\u017eadova\u0165 pr\u00edstup k va\u0161im osobn\u00fdm \u00fadajom, ktor\u00e9 sprac\u00favame ako prev\u00e1dzkovate\u013e osobn\u00fdch \u00fadajov, pr\u00e1vo na opravu, vymazanie alebo prenos (napr. prenos va\u0161ich osobn\u00fdch \u00fadajov in\u00e9mu poskytovate\u013eovi slu\u017eieb, ak je pr\u00e1vnym titulom spracovania v\u00e1\u0161 s\u00fahlas), pr\u00e1vo namieta\u0165 a pr\u00e1vo po\u017eadova\u0165 obmedzenie n\u00e1\u0161ho spracovania. Svoj s\u00fahlas so spracovan\u00edm ur\u010dit\u00fdch osobn\u00fdch \u00fadajov m\u00f4\u017eete tie\u017e kedyko\u013evek odvola\u0165, ak ste n\u00e1m tak\u00fdto s\u00fahlas udelili.<\/p>\n\n\n\n<p>M\u00e1te pr\u00e1vo poda\u0165 s\u0165a\u017enos\u0165 t\u00fdkaj\u00facu sa n\u00e1\u0161ho spracovania va\u0161ich osobn\u00fdch \u00fadajov na \u00darad na ochranu osobn\u00fdch \u00fadajov, Budova Park one, N\u00e1mestie 1.m\u00e1ja 18, 811 06 Bratislava. Webov\u00e1 str\u00e1nka \u00faradu je <a href=\"https:\/\/dataprotection.gov.sk\/\" target=\"_blank\" rel=\"noreferrer noopener\">https:\/\/dataprotection.gov.sk\/<\/a>. Ozn\u00e1menie o poru\u0161en\u00ed ochrany osobn\u00fdch \u00fadajov m\u00f4\u017eete poda\u0165 elektronicky prostredn\u00edctvom elektronick\u00e9ho formul\u00e1ra: <a href=\"https:\/\/schranka.slovensko.sk\/FormConstructor\/Default.aspx?IdService=434885\" target=\"_blank\" rel=\"noreferrer noopener\">UPVS link<\/a>.<\/p>\n\n\n\n<p>Svoje ot\u00e1zky alebo po\u017eiadavky m\u00f4\u017eete adresova\u0165 na e-mailov\u00fa adresu <a href=\"mailto:info@lactalis.cz\">info@lactalis.cz<\/a>, na telef\u00f3nne \u010d\u00edslo +420 241 080 511 alebo na adresu L\u00edbalova 2348\/1, Chodov, 149 00 Praha 4.<\/p>\n","protected":false},"excerpt":{"rendered":"<p>Na\u0161a spolo\u010dnos\u0165 Lactalis CZ, s.r.o., so s\u00eddlom L\u00edbalova 2348\/1, Chodov, 149 00 Praha 4, I\u010cO: 271 32 471, zap\u00edsan\u00e1 v obchodnom registri vedenom Mestsk\u00fdm s\u00fadom v Prahe pod spisovou zna\u010dkou C 98707 (\u010falej len &#8222;Lactalis&#8220;), pou\u017e\u00edva na tejto webovej str\u00e1nke s\u00fabory cookie na zabezpe\u010denie funk\u010dnosti webovej str\u00e1nky, meranie n\u00e1v\u0161tevnosti webovej str\u00e1nky a cielenie reklamy. S\u00fabory [&hellip;]<\/p>\n","protected":false},"author":1,"featured_media":0,"parent":0,"menu_order":0,"comment_status":"closed","ping_status":"closed","template":"","meta":{"_acf_changed":false,"inline_featured_image":false,"footnotes":""},"class_list":["post-589","page","type-page","status-publish","hentry"],"acf":[],"yoast_head":"<!-- This site is optimized with the Yoast SEO plugin v27.3 - https:\/\/yoast.com\/product\/yoast-seo-wordpress\/ -->\n<title>Inform\u00e1cie o s\u00faboroch cookies - Galbani Mascarpone<\/title>\n<meta name=\"robots\" content=\"index, follow, max-snippet:-1, max-image-preview:large, max-video-preview:-1\" \/>\n<link rel=\"canonical\" href=\"https:\/\/letoschutigalbani.cz\/sk\/informace-o-suboroch-cookies\/\" \/>\n<meta property=\"og:locale\" content=\"sk_SK\" \/>\n<meta property=\"og:type\" content=\"article\" \/>\n<meta property=\"og:title\" content=\"Inform\u00e1cie o s\u00faboroch cookies - Galbani Mascarpone\" \/>\n<meta property=\"og:description\" content=\"Na\u0161a spolo\u010dnos\u0165 Lactalis CZ, s.r.o., so s\u00eddlom L\u00edbalova 2348\/1, Chodov, 149 00 Praha 4, I\u010cO: 271 32 471, zap\u00edsan\u00e1 v obchodnom registri vedenom Mestsk\u00fdm s\u00fadom v Prahe pod spisovou zna\u010dkou C 98707 (\u010falej len &#8222;Lactalis&#8220;), pou\u017e\u00edva na tejto webovej str\u00e1nke s\u00fabory cookie na zabezpe\u010denie funk\u010dnosti webovej str\u00e1nky, meranie n\u00e1v\u0161tevnosti webovej str\u00e1nky a cielenie reklamy. S\u00fabory [&hellip;]\" \/>\n<meta property=\"og:url\" content=\"https:\/\/letoschutigalbani.cz\/sk\/informace-o-suboroch-cookies\/\" \/>\n<meta property=\"og:site_name\" content=\"Galbani Mascarpone\" \/>\n<meta property=\"article:modified_time\" content=\"2025-06-10T06:46:07+00:00\" \/>\n<meta name=\"twitter:card\" content=\"summary_large_image\" \/>\n<meta name=\"twitter:label1\" content=\"Predpokladan\u00fd \u010das \u010d\u00edtania\" \/>\n\t<meta name=\"twitter:data1\" content=\"2 min\u00faty\" \/>\n<script type=\"application\/ld+json\" class=\"yoast-schema-graph\">{\"@context\":\"https:\\\/\\\/schema.org\",\"@graph\":[{\"@type\":\"WebPage\",\"@id\":\"https:\\\/\\\/letoschutigalbani.cz\\\/sk\\\/informace-o-suboroch-cookies\\\/\",\"url\":\"https:\\\/\\\/letoschutigalbani.cz\\\/sk\\\/informace-o-suboroch-cookies\\\/\",\"name\":\"Inform\u00e1cie o s\u00faboroch cookies - Galbani Mascarpone\",\"isPartOf\":{\"@id\":\"https:\\\/\\\/letoschutigalbani.cz\\\/sk\\\/#website\"},\"datePublished\":\"2025-06-09T00:52:01+00:00\",\"dateModified\":\"2025-06-10T06:46:07+00:00\",\"breadcrumb\":{\"@id\":\"https:\\\/\\\/letoschutigalbani.cz\\\/sk\\\/informace-o-suboroch-cookies\\\/#breadcrumb\"},\"inLanguage\":\"sk-SK\",\"potentialAction\":[{\"@type\":\"ReadAction\",\"target\":[\"https:\\\/\\\/letoschutigalbani.cz\\\/sk\\\/informace-o-suboroch-cookies\\\/\"]}]},{\"@type\":\"BreadcrumbList\",\"@id\":\"https:\\\/\\\/letoschutigalbani.cz\\\/sk\\\/informace-o-suboroch-cookies\\\/#breadcrumb\",\"itemListElement\":[{\"@type\":\"ListItem\",\"position\":1,\"name\":\"Home\",\"item\":\"https:\\\/\\\/letoschutigalbani.cz\\\/sk\\\/domov\\\/\"},{\"@type\":\"ListItem\",\"position\":2,\"name\":\"Inform\u00e1cie o s\u00faboroch cookies\"}]},{\"@type\":\"WebSite\",\"@id\":\"https:\\\/\\\/letoschutigalbani.cz\\\/sk\\\/#website\",\"url\":\"https:\\\/\\\/letoschutigalbani.cz\\\/sk\\\/\",\"name\":\"Galbani Mascarpone\",\"description\":\"Galbani Mascarpone\",\"publisher\":{\"@id\":\"https:\\\/\\\/letoschutigalbani.cz\\\/sk\\\/#organization\"},\"potentialAction\":[{\"@type\":\"SearchAction\",\"target\":{\"@type\":\"EntryPoint\",\"urlTemplate\":\"https:\\\/\\\/letoschutigalbani.cz\\\/sk\\\/?s={search_term_string}\"},\"query-input\":{\"@type\":\"PropertyValueSpecification\",\"valueRequired\":true,\"valueName\":\"search_term_string\"}}],\"inLanguage\":\"sk-SK\"},{\"@type\":\"Organization\",\"@id\":\"https:\\\/\\\/letoschutigalbani.cz\\\/sk\\\/#organization\",\"name\":\"Galbani Mascarpone\",\"url\":\"https:\\\/\\\/letoschutigalbani.cz\\\/sk\\\/\",\"logo\":{\"@type\":\"ImageObject\",\"inLanguage\":\"sk-SK\",\"@id\":\"https:\\\/\\\/letoschutigalbani.cz\\\/sk\\\/#\\\/schema\\\/logo\\\/image\\\/\",\"url\":\"https:\\\/\\\/letoschutigalbani.cz\\\/wp-content\\\/uploads\\\/2025\\\/05\\\/GALBANI_logo.svg\",\"contentUrl\":\"https:\\\/\\\/letoschutigalbani.cz\\\/wp-content\\\/uploads\\\/2025\\\/05\\\/GALBANI_logo.svg\",\"width\":595,\"height\":568,\"caption\":\"Galbani Mascarpone\"},\"image\":{\"@id\":\"https:\\\/\\\/letoschutigalbani.cz\\\/sk\\\/#\\\/schema\\\/logo\\\/image\\\/\"}}]}<\/script>\n<!-- \/ Yoast SEO plugin. -->","yoast_head_json":{"title":"Inform\u00e1cie o s\u00faboroch cookies - Galbani Mascarpone","robots":{"index":"index","follow":"follow","max-snippet":"max-snippet:-1","max-image-preview":"max-image-preview:large","max-video-preview":"max-video-preview:-1"},"canonical":"https:\/\/letoschutigalbani.cz\/sk\/informace-o-suboroch-cookies\/","og_locale":"sk_SK","og_type":"article","og_title":"Inform\u00e1cie o s\u00faboroch cookies - Galbani Mascarpone","og_description":"Na\u0161a spolo\u010dnos\u0165 Lactalis CZ, s.r.o., so s\u00eddlom L\u00edbalova 2348\/1, Chodov, 149 00 Praha 4, I\u010cO: 271 32 471, zap\u00edsan\u00e1 v obchodnom registri vedenom Mestsk\u00fdm s\u00fadom v Prahe pod spisovou zna\u010dkou C 98707 (\u010falej len &#8222;Lactalis&#8220;), pou\u017e\u00edva na tejto webovej str\u00e1nke s\u00fabory cookie na zabezpe\u010denie funk\u010dnosti webovej str\u00e1nky, meranie n\u00e1v\u0161tevnosti webovej str\u00e1nky a cielenie reklamy. S\u00fabory [&hellip;]","og_url":"https:\/\/letoschutigalbani.cz\/sk\/informace-o-suboroch-cookies\/","og_site_name":"Galbani Mascarpone","article_modified_time":"2025-06-10T06:46:07+00:00","twitter_card":"summary_large_image","twitter_misc":{"Predpokladan\u00fd \u010das \u010d\u00edtania":"2 min\u00faty"},"schema":{"@context":"https:\/\/schema.org","@graph":[{"@type":"WebPage","@id":"https:\/\/letoschutigalbani.cz\/sk\/informace-o-suboroch-cookies\/","url":"https:\/\/letoschutigalbani.cz\/sk\/informace-o-suboroch-cookies\/","name":"Inform\u00e1cie o s\u00faboroch cookies - Galbani Mascarpone","isPartOf":{"@id":"https:\/\/letoschutigalbani.cz\/sk\/#website"},"datePublished":"2025-06-09T00:52:01+00:00","dateModified":"2025-06-10T06:46:07+00:00","breadcrumb":{"@id":"https:\/\/letoschutigalbani.cz\/sk\/informace-o-suboroch-cookies\/#breadcrumb"},"inLanguage":"sk-SK","potentialAction":[{"@type":"ReadAction","target":["https:\/\/letoschutigalbani.cz\/sk\/informace-o-suboroch-cookies\/"]}]},{"@type":"BreadcrumbList","@id":"https:\/\/letoschutigalbani.cz\/sk\/informace-o-suboroch-cookies\/#breadcrumb","itemListElement":[{"@type":"ListItem","position":1,"name":"Home","item":"https:\/\/letoschutigalbani.cz\/sk\/domov\/"},{"@type":"ListItem","position":2,"name":"Inform\u00e1cie o s\u00faboroch cookies"}]},{"@type":"WebSite","@id":"https:\/\/letoschutigalbani.cz\/sk\/#website","url":"https:\/\/letoschutigalbani.cz\/sk\/","name":"Galbani Mascarpone","description":"Galbani Mascarpone","publisher":{"@id":"https:\/\/letoschutigalbani.cz\/sk\/#organization"},"potentialAction":[{"@type":"SearchAction","target":{"@type":"EntryPoint","urlTemplate":"https:\/\/letoschutigalbani.cz\/sk\/?s={search_term_string}"},"query-input":{"@type":"PropertyValueSpecification","valueRequired":true,"valueName":"search_term_string"}}],"inLanguage":"sk-SK"},{"@type":"Organization","@id":"https:\/\/letoschutigalbani.cz\/sk\/#organization","name":"Galbani Mascarpone","url":"https:\/\/letoschutigalbani.cz\/sk\/","logo":{"@type":"ImageObject","inLanguage":"sk-SK","@id":"https:\/\/letoschutigalbani.cz\/sk\/#\/schema\/logo\/image\/","url":"https:\/\/letoschutigalbani.cz\/wp-content\/uploads\/2025\/05\/GALBANI_logo.svg","contentUrl":"https:\/\/letoschutigalbani.cz\/wp-content\/uploads\/2025\/05\/GALBANI_logo.svg","width":595,"height":568,"caption":"Galbani Mascarpone"},"image":{"@id":"https:\/\/letoschutigalbani.cz\/sk\/#\/schema\/logo\/image\/"}}]}},"_links":{"self":[{"href":"https:\/\/letoschutigalbani.cz\/sk\/wp-json\/wp\/v2\/pages\/589","targetHints":{"allow":["GET"]}}],"collection":[{"href":"https:\/\/letoschutigalbani.cz\/sk\/wp-json\/wp\/v2\/pages"}],"about":[{"href":"https:\/\/letoschutigalbani.cz\/sk\/wp-json\/wp\/v2\/types\/page"}],"author":[{"embeddable":true,"href":"https:\/\/letoschutigalbani.cz\/sk\/wp-json\/wp\/v2\/users\/1"}],"replies":[{"embeddable":true,"href":"https:\/\/letoschutigalbani.cz\/sk\/wp-json\/wp\/v2\/comments?post=589"}],"version-history":[{"count":4,"href":"https:\/\/letoschutigalbani.cz\/sk\/wp-json\/wp\/v2\/pages\/589\/revisions"}],"predecessor-version":[{"id":662,"href":"https:\/\/letoschutigalbani.cz\/sk\/wp-json\/wp\/v2\/pages\/589\/revisions\/662"}],"wp:attachment":[{"href":"https:\/\/letoschutigalbani.cz\/sk\/wp-json\/wp\/v2\/media?parent=589"}],"curies":[{"name":"wp","href":"https:\/\/api.w.org\/{rel}","templated":true}]}}