{"id":591,"date":"2025-05-22T11:09:29","date_gmt":"2025-05-22T09:09:29","guid":{"rendered":"https:\/\/letoschutigalbani.cz\/zasady-ochrany-osobnych-udajov\/"},"modified":"2025-06-09T15:20:18","modified_gmt":"2025-06-09T13:20:18","slug":"zasady-ochrany-osobnych-udajov","status":"publish","type":"page","link":"https:\/\/letoschutigalbani.cz\/sk\/zasady-ochrany-osobnych-udajov\/","title":{"rendered":"Z\u00e1sady ochrany osobn\u00fdch \u00fadajov pre spotrebite\u013eov"},"content":{"rendered":"\n<h2 class=\"wp-block-heading\">1. V\u0161eobecn\u00e9 ustanovenia<\/h2>\n\n\n\n<p>Na ochranu osobn\u00fdch \u00fadajov kladieme ve\u013ek\u00fd d\u00f4raz. Tieto z\u00e1sady ochrany osobn\u00fdch \u00fadajov v\u00e1s informuj\u00fa o tom, ako spolo\u010dnos\u0165 Lactalis CZ, s.r.o. (\u010falej len &#8222;spolo\u010dnos\u0165&#8220; alebo &#8222;my&#8220;) z\u00edskava, uchov\u00e1va a sprac\u00fava va\u0161e osobn\u00e9 \u00fadaje v s\u00favislosti s v\u00fdrobou mlie\u010dnych v\u00fdrobkov a ako s va\u0161imi osobn\u00fdmi \u00fadajmi naklad\u00e1 a chr\u00e1ni ich. Osobn\u00e9 \u00fadaje s\u00fa ak\u00e9ko\u013evek inform\u00e1cie t\u00fdkaj\u00face sa identifikovanej alebo identifikovate\u013enej fyzickej osoby, t. j. v\u00e1s alebo va\u0161ich rodinn\u00fdch pr\u00edslu\u0161n\u00edkov, ak ste n\u00e1m poskytli svoje osobn\u00e9 \u00fadaje. \u00da\u010delom t\u00fdchto z\u00e1sad ochrany osobn\u00fdch \u00fadajov je informova\u0165 v\u00e1s o tom, ako zhroma\u017e\u010fujeme a sprac\u00favame va\u0161e osobn\u00e9 \u00fadaje, o va\u0161ich pr\u00e1vach v s\u00favislosti so sprac\u00favan\u00edm va\u0161ich osobn\u00fdch \u00fadajov a o tom, ako a ak\u00fdm sp\u00f4sobom m\u00f4\u017eete tieto pr\u00e1va uplatni\u0165.<\/p>\n\n\n\n<h3 class=\"wp-block-heading\">2. Spr\u00e1vca osobn\u00fdch \u00fadajov<\/h3>\n\n\n\n<p>Spr\u00e1vcom va\u0161ich osobn\u00fdch \u00fadajov je spolo\u010dnos\u0165 Lactalis CZ, s.r.o., so s\u00eddlom L\u00edbalova 2348\/1, Chodov, 149 00 Praha 4, zap\u00edsan\u00e1 v obchodnom registri vedenom Mestsk\u00fdm s\u00fadom v Prahe, spisov\u00e1 zna\u010dka C98707, I\u010cO: 271 32 471.<\/p>\n\n\n\n<p><strong>Kontaktn\u00e9 \u00fadaje:<\/strong><br>E-mail: <a href=\"mailto:info@lactalis.cz\">info@lactalis.cz<\/a><br>Tel.: +420 241 080 511<\/p>\n\n\n\n<h3 class=\"wp-block-heading\">3. \u00da\u010del, rozsah a trvanie sprac\u00favania osobn\u00fdch \u00fadajov<\/h3>\n\n\n\n<h4 class=\"wp-block-heading\">3.1 \u00da\u010dely spracovania<\/h4>\n\n\n\n<p>Va\u0161e osobn\u00e9 \u00fadaje sprac\u00favame na pr\u00edslu\u0161n\u00e9 \u00fa\u010dely nieko\u013ek\u00fdmi r\u00f4znymi sp\u00f4sobmi:<\/p>\n\n\n\n<p>3.1.1 Ochrana na\u0161ich opr\u00e1vnen\u00fdch z\u00e1ujmov \u2013 poskytovanie inform\u00e1ci\u00ed o zlo\u017een\u00ed a pou\u017e\u00edvan\u00ed pred\u00e1van\u00fdch v\u00fdrobkov alebo vybavovanie in\u00fdch podobn\u00fdch ot\u00e1zok, ktor\u00e9 sa naj\u010dastej\u0161ie uskuto\u010d\u0148uj\u00fa prostredn\u00edctvom kontaktnej e-mailovej adresy;<\/p>\n\n\n\n<p>3.1.2 Plnenie pr\u00e1vnych povinnost\u00ed \u2013 zaistenie bezpe\u010dnosti distribuovan\u00fdch v\u00fdrobkov a ur\u010denie, uplatnenie alebo obhajoba pr\u00e1vnych n\u00e1rokov s\u00favisiacich so zodpovednos\u0165ou za \u0161kody sp\u00f4soben\u00e9 chybn\u00fdmi v\u00fdrobkami.<\/p>\n\n\n\n<h4 class=\"wp-block-heading\">3.2 Rozsah spracovania<\/h4>\n\n\n\n<p>Va\u0161e osobn\u00e9 \u00fadaje sprac\u00favame v nasleduj\u00facom rozsahu:<\/p>\n\n\n\n<ul class=\"wp-block-list\">\n<li>3.2.1 \u00fadaje, ktor\u00e9 n\u00e1m poskytnete pri zad\u00e1van\u00ed po\u017eiadavky alebo v \u010fal\u0161ej komunik\u00e1cii, naj\u010dastej\u0161ie va\u0161e meno a priezvisko, telef\u00f3nne \u010d\u00edslo, e-mailov\u00e1 adresa;<\/li>\n\n\n\n<li>3.2.2 \u00fadaje potrebn\u00e9 na plnenie z\u00e1konn\u00fdch povinnost\u00ed, najm\u00e4 meno, priezvisko, telef\u00f3nne \u010d\u00edslo, e-mailov\u00e1 adresa, zdravotn\u00e9 \u00fadaje, \u00fadaje o majetku;<\/li>\n\n\n\n<li>3.2.3 Va\u0161e citliv\u00e9 osobn\u00e9 \u00fadaje budeme sprac\u00fava\u0165 len na \u00fa\u010dely plnenia na\u0161ich z\u00e1konn\u00fdch povinnost\u00ed alebo na z\u00e1klade v\u00e1\u0161ho v\u00fdslovn\u00e9ho s\u00fahlasu, a to len v rozsahu povolenom z\u00e1konom.<\/li>\n<\/ul>\n\n\n\n<h4 class=\"wp-block-heading\">3.3 \u010cas spracovania<\/h4>\n\n\n\n<p>Va\u0161e osobn\u00e9 \u00fadaje uchov\u00e1vame po\u010das obdobia, ktor\u00e9 je nevyhnutn\u00e9 a primeran\u00e9 pr\u00edslu\u0161n\u00fdm \u00fa\u010delom spracovania, a to po\u010das nasleduj\u00faceho obdobia:<\/p>\n\n\n\n<ul class=\"wp-block-list\">\n<li>3.3.1 \u00dadaje sprac\u00favan\u00e9 na \u00fa\u010dely ochrany na\u0161ich opr\u00e1vnen\u00fdch z\u00e1ujmov (komunik\u00e1cia) sa uchov\u00e1vaj\u00fa tri mesiace po ukon\u010den\u00ed komunik\u00e1cie;<\/li>\n\n\n\n<li>3.3.2 \u00fadaje sprac\u00favan\u00e9 na \u00fa\u010dely plnenia z\u00e1konn\u00fdch povinnost\u00ed sa uchov\u00e1vaj\u00fa po\u010das obdobia po\u017eadovan\u00e9ho platn\u00fdmi pr\u00e1vnymi predpismi.<\/li>\n<\/ul>\n\n\n\n<h3 class=\"wp-block-heading\">4. <strong>Zdie\u013eanie a prenos osobn\u00fdch \u00fadajov (pr\u00edjemcovia osobn\u00fdch \u00fadajov)<\/strong><\/h3>\n\n\n\n<h4 class=\"wp-block-heading\">4.1 Pr\u00edjemcovia osobn\u00fdch \u00fadajov<\/h4>\n\n\n\n<p>Niektor\u00e9 kateg\u00f3rie osobn\u00fdch \u00fadajov, ktor\u00e9 zhroma\u017e\u010fujeme vy\u0161\u0161ie uveden\u00fdmi sp\u00f4sobmi, m\u00f4\u017eeme zdie\u013ea\u0165 s tret\u00edmi stranami, ktor\u00e9 poskytuj\u00fa ur\u010dit\u00e9 slu\u017eby s\u00favisiace s pou\u017e\u00edvan\u00edm softv\u00e9rov\u00fdch zdrojov alebo ochranou na\u0161ich opr\u00e1vnen\u00fdch z\u00e1ujmov. Tieto strany s\u00fa teda v poz\u00edcii spracovate\u013eov \u00fadajov. Va\u0161e osobn\u00e9 \u00fadaje m\u00f4\u017eeme zdie\u013ea\u0165 najm\u00e4 s:<\/p>\n\n\n\n<ul class=\"wp-block-list\">\n<li>4.1.1 s ostatn\u00fdmi spolo\u010dnos\u0165ami skupiny Lactalis (B.S.A., B.S.A. INTERNATIONAL, Ml\u00e9k\u00e1rna Kun\u00edn, s.r.o a Ml\u00e9k\u00e1rna Klatovy, s.r.o.), a to najm\u00e4 za \u00fa\u010delom nevyhnutnej odbornej podpory;<\/li>\n\n\n\n<li>4.1.2 so subjektmi, ktor\u00e9 spravuj\u00fa na\u0161e IT syst\u00e9my a poskytuj\u00fa IT slu\u017eby na \u00fa\u010dely vyu\u017e\u00edvania softv\u00e9rov\u00fdch zdrojov;<\/li>\n\n\n\n<li>4.1.3 s extern\u00fdm pr\u00e1vnym poradcom na ochranu na\u0161ich opr\u00e1vnen\u00fdch z\u00e1ujmov;<\/li>\n\n\n\n<li>4.1.4 so \u0161t\u00e1tnymi org\u00e1nmi alebo in\u00fdmi tret\u00edmi stranami pri plnen\u00ed ich povinnost\u00ed vypl\u00fdvaj\u00facich z pr\u00e1vnych predpisov.<\/li>\n<\/ul>\n\n\n\n<h4 class=\"wp-block-heading\">4.2 Z\u00e1ruky<\/h4>\n\n\n\n<p>So spracovate\u013emi osobn\u00fdch \u00fadajov uveden\u00fdmi v predch\u00e1dzaj\u00facom odseku sme uzavreli zmluvy o spracovan\u00ed osobn\u00fdch \u00fadajov (okrem pr\u00edpadov, ke\u010f uzavretie takejto zmluvy nie je povinn\u00e9, napr\u00edklad v pr\u00edpade prenosu osobn\u00fdch \u00fadajov \u0161t\u00e1tnym org\u00e1nom), ktor\u00e9 zaru\u010duj\u00fa minim\u00e1lne rovnak\u00fa \u00farove\u0148 ochrany ako tieto Z\u00e1sady ochrany osobn\u00fdch \u00fadajov.<\/p>\n\n\n\n<h3 class=\"wp-block-heading\">5. Bezpe\u010dnos\u0165 \u00fadajov<\/h3>\n\n\n\n<p>Zaviedli sme a udr\u017eiavame primeran\u00e9 technick\u00e9 a organiza\u010dn\u00e9 opatrenia, vn\u00fatorn\u00e9 kontroly a procesy informa\u010dnej bezpe\u010dnosti v s\u00falade s osved\u010den\u00fdmi obchodn\u00fdmi postupmi, ktor\u00e9 zodpovedaj\u00fa potenci\u00e1lnemu riziku pre v\u00e1s ako dotknut\u00fa osobu. Zoh\u013ead\u0148ujeme aj stav technologick\u00e9ho v\u00fdvoja na ochranu va\u0161ich osobn\u00fdch \u00fadajov pred n\u00e1hodnou stratou, zni\u010den\u00edm, zmenou, neopr\u00e1vnen\u00fdm zverejnen\u00edm alebo pr\u00edstupom. Tieto opatrenia m\u00f4\u017eu okrem in\u00e9ho zah\u0155\u0148a\u0165 prijatie primeran\u00fdch opatren\u00ed na zabezpe\u010denie zodpovednosti pr\u00edslu\u0161n\u00fdch zamestnancov, ktor\u00ed maj\u00fa pr\u00edstup k va\u0161im \u00fadajom, \u0161kolenia zamestnancov, pravideln\u00e9 z\u00e1lohovanie, postupy obnovy \u00fadajov a riadenia incidentov, softv\u00e9rov\u00fa ochranu zariaden\u00ed, na ktor\u00fdch s\u00fa ulo\u017een\u00e9 osobn\u00e9 \u00fadaje, at\u010f.<\/p>\n\n\n\n<h3 class=\"wp-block-heading\">6. Va\u0161e pr\u00e1va ako dotknutej osoby<\/h3>\n\n\n\n<p>Ak uplatn\u00edte niektor\u00e9 z va\u0161ich pr\u00e1v pod\u013ea tohto \u010dl\u00e1nku alebo pod\u013ea platn\u00fdch pr\u00e1vnych predpisov, budeme informova\u0165 ka\u017ed\u00e9ho pr\u00edjemcu, ktor\u00e9mu boli \u00fadaje poskytnut\u00e9 pod\u013ea \u010dl\u00e1nku 5 t\u00fdchto z\u00e1sad ochrany osobn\u00fdch \u00fadajov, o prijat\u00fdch opatreniach alebo o vymazan\u00ed va\u0161ich osobn\u00fdch \u00fadajov alebo o obmedzen\u00ed sprac\u00favania v s\u00falade s va\u0161ou \u017eiados\u0165ou za predpokladu, \u017ee tak\u00e9to ozn\u00e1menie je uskuto\u010dnite\u013en\u00e9 a\/alebo nevy\u017eaduje neprimeran\u00e9 \u00fasilie. Ak si \u017eel\u00e1te uplatni\u0165 tieto pr\u00e1va a\/alebo z\u00edska\u0165 podrobn\u00e9 inform\u00e1cie, kontaktujte n\u00e1s prostredn\u00edctvom kontaktnej osoby, ktorej kontaktn\u00e9 \u00fadaje s\u00fa uveden\u00e9 v \u010dl\u00e1nku 2 t\u00fdchto Z\u00e1sad ochrany osobn\u00fdch \u00fadajov.<\/p>\n\n\n\n<h4 class=\"wp-block-heading\">6.1 O \u010do m\u00f4\u017eete po\u017eiada\u0165?<\/h4>\n\n\n\n<p>V s\u00falade s platn\u00fdmi pr\u00e1vnymi predpismi m\u00e1te pr\u00e1vo po\u017eadova\u0165 pr\u00edstup k va\u0161im osobn\u00fdm \u00fadajom, ktor\u00e9 sprac\u00favame ako prev\u00e1dzkovate\u013e osobn\u00fdch \u00fadajov, pr\u00e1vo na opravu, vymazanie alebo prenos (napr. prenos va\u0161ich osobn\u00fdch \u00fadajov in\u00e9mu poskytovate\u013eovi slu\u017eieb, ak je pr\u00e1vnym titulom spracovania v\u00e1\u0161 s\u00fahlas), pr\u00e1vo namieta\u0165 a pr\u00e1vo po\u017eadova\u0165 obmedzenie n\u00e1\u0161ho spracovania. Svoj s\u00fahlas so spracovan\u00edm ur\u010dit\u00fdch osobn\u00fdch \u00fadajov (napr. fotografi\u00ed a videoz\u00e1znamov) m\u00f4\u017eete tie\u017e kedyko\u013evek odvola\u0165, ak ste n\u00e1m tak\u00fdto s\u00fahlas udelili.<\/p>\n\n\n\n<h4 class=\"wp-block-heading\">6.2 <strong>Oprava va\u0161ich osobn\u00fdch \u00fadajov<\/strong><\/h4>\n\n\n\n<p>Pod\u013ea platn\u00fdch pr\u00e1vnych predpisov m\u00e1te pr\u00e1vo na opravu svojich osobn\u00fdch \u00fadajov, ktor\u00e9 sprac\u00favame, ak zist\u00edte, \u017ee s\u00fa nepresn\u00e9 alebo ne\u00fapln\u00e9. Ak chcete toto pr\u00e1vo uplatni\u0165, kontaktujte n\u00e1s prostredn\u00edctvom kontaktnej osoby. Podnik\u00e1me primeran\u00e9 kroky, aby sme zabezpe\u010dili presnos\u0165 a aktu\u00e1lnos\u0165 va\u0161ich osobn\u00fdch \u00fadajov. V\u017edy sa na n\u00e1s m\u00f4\u017eete obr\u00e1ti\u0165 s ot\u00e1zkou, \u010di va\u0161e osobn\u00e9 \u00fadaje st\u00e1le sprac\u00favame.<\/p>\n\n\n\n<h4 class=\"wp-block-heading\">6.3 <strong>Vymazanie va\u0161ich osobn\u00fdch \u00fadajov<\/strong><\/h4>\n\n\n\n<p>Kedyko\u013evek n\u00e1s m\u00f4\u017eete po\u017eiada\u0165 o vymazanie va\u0161ich osobn\u00fdch \u00fadajov. Ak n\u00e1s s takouto \u017eiados\u0165ou kontaktujete, bez zbyto\u010dn\u00e9ho odkladu vyma\u017eeme v\u0161etky osobn\u00e9 \u00fadaje, ktor\u00e9 o v\u00e1s m\u00e1me, pokia\u013e u\u017e va\u0161e osobn\u00e9 \u00fadaje nepotrebujeme na plnenie na\u0161ich zmluvn\u00fdch a z\u00e1konn\u00fdch povinnost\u00ed alebo na ochranu na\u0161ich opr\u00e1vnen\u00fdch z\u00e1ujmov, ako je uveden\u00e9 vy\u0161\u0161ie. V\u0161etky va\u0161e osobn\u00e9 \u00fadaje vyma\u017eeme (a zabezpe\u010d\u00edme ich vymazanie spracovate\u013emi, ktor\u00fdch t\u00fdm pover\u00edme) aj v pr\u00edpade, \u017ee odvol\u00e1te svoj s\u00fahlas alebo ak to vy\u017eaduje z\u00e1kon.<\/p>\n\n\n\n<h4 class=\"wp-block-heading\">6.4 Odvolanie s\u00fahlasu<\/h4>\n\n\n\n<p>S\u00fahlas so spracovan\u00edm ur\u010dit\u00fdch osobn\u00fdch \u00fadajov (napr. fotografi\u00ed a videoz\u00e1znamov) m\u00f4\u017eete kedyko\u013evek odvola\u0165 bez udania d\u00f4vodu. Na tento \u00fa\u010del sa obr\u00e1\u0165te na kontaktn\u00fa osobu. V takom pr\u00edpade vyma\u017eeme va\u0161e osobn\u00e9 \u00fadaje v s\u00falade s postupom uveden\u00fdm v \u010dl\u00e1nku 7.3. Upozor\u0148ujeme, \u017ee odvolanie v\u00e1\u0161ho s\u00fahlasu nem\u00e1 vplyv na z\u00e1konnos\u0165 ak\u00e9hoko\u013evek spracovania vykonan\u00e9ho na z\u00e1klade v\u00e1\u0161ho predt\u00fdm udelen\u00e9ho s\u00fahlasu.<\/p>\n\n\n\n<h4 class=\"wp-block-heading\">6.5 <strong>Zverejnenie a prenosnos\u0165 va\u0161ich osobn\u00fdch \u00fadajov<\/strong><\/h4>\n\n\n\n<p>M\u00e1te pr\u00e1vo z\u00edska\u0165 osobn\u00e9 \u00fadaje, ktor\u00e9 sa v\u00e1s t\u00fdkaj\u00fa, a osobn\u00e9 \u00fadaje, ktor\u00e9 ste n\u00e1m poskytli. Ak o to po\u017eiadate, m\u00f4\u017eeme niektor\u00e9 va\u0161e osobn\u00e9 \u00fadaje (najm\u00e4 \u00fadaje, ktor\u00e9 sprac\u00favame na z\u00e1klade plnenia zmluvy a\/alebo v\u00e1\u0161ho s\u00fahlasu) posla\u0165 priamo tretej strane (in\u00e9mu prev\u00e1dzkovate\u013eovi \u00fadajov), ktor\u00fa uvediete vo svojej \u017eiadosti, za predpokladu, \u017ee tak\u00e1to \u017eiados\u0165 nebude ma\u0165 nepriazniv\u00fd vplyv na pr\u00e1va a slobody in\u00fdch os\u00f4b a je technicky uskuto\u010dnite\u013en\u00e1. Ak chcete uplatni\u0165 pr\u00e1vo na pr\u00edstup alebo pr\u00e1vo na prenosnos\u0165 \u00fadajov, obr\u00e1\u0165te sa na kontaktn\u00fa osobu.<\/p>\n\n\n\n<h4 class=\"wp-block-heading\">6.6 <strong>N\u00e1mietky proti spracovaniu<\/strong><\/h4>\n\n\n\n<p>M\u00e1te pr\u00e1vo kedyko\u013evek namieta\u0165 proti sprac\u00favaniu osobn\u00fdch \u00fadajov sprac\u00favan\u00fdch na z\u00e1klade n\u00e1\u0161ho opr\u00e1vnen\u00e9ho z\u00e1ujmu alebo na \u00fa\u010dely plnenia \u00falohy vykon\u00e1vanej vo verejnom z\u00e1ujme alebo pri v\u00fdkone verejnej moci. Pokia\u013e nepreuk\u00e1\u017eeme z\u00e1va\u017en\u00e9 opr\u00e1vnen\u00e9 d\u00f4vody na sprac\u00favanie, ktor\u00e9 preva\u017euj\u00fa nad va\u0161imi z\u00e1ujmami alebo pr\u00e1vami a slobodami, alebo pokia\u013e nepreuk\u00e1\u017eeme, \u017ee \u00fadaje s\u00fa potrebn\u00e9 na preukazovanie, uplat\u0148ovanie a obhajovanie na\u0161ich pr\u00e1vnych n\u00e1rokov, osobn\u00e9 \u00fadaje u\u017e nebudeme sprac\u00fava\u0165 a bez zbyto\u010dn\u00e9ho odkladu ich vyma\u017eeme. Proti sprac\u00favaniu va\u0161ich osobn\u00fdch \u00fadajov m\u00f4\u017eete namieta\u0165 prostredn\u00edctvom kontaktnej osoby.<\/p>\n\n\n\n<h4 class=\"wp-block-heading\">6.7 <strong>Obmedzenia spracovania<\/strong><\/h4>\n\n\n\n<p>Ak n\u00e1s po\u017eiadate o obmedzenie sprac\u00favania va\u0161ich osobn\u00fdch \u00fadajov, napr. ak spochybn\u00edte presnos\u0165, z\u00e1konnos\u0165 alebo potrebu sprac\u00favania va\u0161ich osobn\u00fdch \u00fadajov, obmedz\u00edme sprac\u00favanie va\u0161ich osobn\u00fdch \u00fadajov na nevyhnutn\u00e9 minimum (ulo\u017eenie) a pr\u00edpadne ich budeme sprac\u00fava\u0165 len na preukazovanie, uplat\u0148ovanie alebo obhajovanie pr\u00e1vnych n\u00e1rokov alebo na ochranu pr\u00e1v inej fyzickej alebo pr\u00e1vnickej osoby alebo z in\u00fdch obmedzen\u00fdch d\u00f4vodov stanoven\u00fdch platn\u00fdmi pr\u00e1vnymi predpismi. Ak sa obmedzenie zru\u0161\u00ed a my budeme na\u010falej sprac\u00fava\u0165 va\u0161e osobn\u00e9 \u00fadaje, budeme v\u00e1s o tom bez zbyto\u010dn\u00e9ho odkladu informova\u0165. \u017diados\u0165 o obmedzenie spracovania m\u00f4\u017eete poda\u0165 prostredn\u00edctvom kontaktnej osoby.<\/p>\n\n\n\n<h4 class=\"wp-block-heading\">6.8 <strong>S\u0165a\u017enos\u0165 na \u00darad na\u00a0ochranu osobn\u00fdch \u00fadajov Slovenskej republiky<\/strong><\/h4>\n\n\n\n<p>M\u00e1te pr\u00e1vo poda\u0165 s\u0165a\u017enos\u0165 t\u00fdkaj\u00facu sa n\u00e1\u0161ho spracovania va\u0161ich osobn\u00fdch \u00fadajov na \u00darad na ochranu osobn\u00fdch \u00fadajov, Budova Park one, N\u00e1mestie 1.m\u00e1ja 18, 811 06 Bratislava. Webov\u00e1 str\u00e1nka \u00faradu je\u00a0\u00a0<a href=\"https:\/\/dataprotection.gov.sk\/\">\u00a0https:\/\/dataprotection.gov.sk\/.<\/a>\u00a0Ozn\u00e1menie o\u00a0poru\u0161en\u00ed ochrany osobn\u00fdch \u00fadajov m\u00f4\u017eete poda\u0165 elektronicky prostredn\u00edctvom elektronick\u00e9ho formul\u00e1ra:\u00a0<a href=\"https:\/\/schranka.slovensko.sk\/FormConstructor\/Default.aspx?IdService=434885\">UPVS link<\/a>.<\/p>\n\n\n\n<h3 class=\"wp-block-heading\">7. <strong>Aktualiz\u00e1cie z\u00e1sad ochrany osobn\u00fdch \u00fadajov<\/strong><\/h3>\n\n\n\n<p>Tieto z\u00e1sady ochrany osobn\u00fdch \u00fadajov m\u00f4\u017eeme z \u010dasu na \u010das upravi\u0165 alebo aktualizova\u0165. Ak\u00e9ko\u013evek zmeny t\u00fdchto Z\u00e1sad ochrany osobn\u00fdch \u00fadajov nadobudn\u00fa \u00fa\u010dinnos\u0165, ke\u010f aktualizovan\u00e9 Z\u00e1sady ochrany osobn\u00fdch \u00fadajov uverejn\u00edme na tejto webovej lokalite.<\/p>\n","protected":false},"excerpt":{"rendered":"<p>1. V\u0161eobecn\u00e9 ustanovenia Na ochranu osobn\u00fdch \u00fadajov kladieme ve\u013ek\u00fd d\u00f4raz. Tieto z\u00e1sady ochrany osobn\u00fdch \u00fadajov v\u00e1s informuj\u00fa o tom, ako spolo\u010dnos\u0165 Lactalis CZ, s.r.o. (\u010falej len &#8222;spolo\u010dnos\u0165&#8220; alebo &#8222;my&#8220;) z\u00edskava, uchov\u00e1va a sprac\u00fava va\u0161e osobn\u00e9 \u00fadaje v s\u00favislosti s v\u00fdrobou mlie\u010dnych v\u00fdrobkov a ako s va\u0161imi osobn\u00fdmi \u00fadajmi naklad\u00e1 a chr\u00e1ni ich. Osobn\u00e9 \u00fadaje s\u00fa [&hellip;]<\/p>\n","protected":false},"author":1,"featured_media":0,"parent":0,"menu_order":0,"comment_status":"closed","ping_status":"closed","template":"","meta":{"_acf_changed":false,"inline_featured_image":false,"footnotes":""},"class_list":["post-591","page","type-page","status-publish","hentry"],"acf":[],"yoast_head":"<!-- This site is optimized with the Yoast SEO plugin v27.3 - https:\/\/yoast.com\/product\/yoast-seo-wordpress\/ -->\n<title>Z\u00e1sady ochrany osobn\u00fdch \u00fadajov pre spotrebite\u013eov - Galbani Mascarpone<\/title>\n<meta name=\"robots\" content=\"index, follow, max-snippet:-1, max-image-preview:large, max-video-preview:-1\" \/>\n<link rel=\"canonical\" href=\"https:\/\/letoschutigalbani.cz\/sk\/zasady-ochrany-osobnych-udajov\/\" \/>\n<meta property=\"og:locale\" content=\"sk_SK\" \/>\n<meta property=\"og:type\" content=\"article\" \/>\n<meta property=\"og:title\" content=\"Z\u00e1sady ochrany osobn\u00fdch \u00fadajov pre spotrebite\u013eov - Galbani Mascarpone\" \/>\n<meta property=\"og:description\" content=\"1. V\u0161eobecn\u00e9 ustanovenia Na ochranu osobn\u00fdch \u00fadajov kladieme ve\u013ek\u00fd d\u00f4raz. Tieto z\u00e1sady ochrany osobn\u00fdch \u00fadajov v\u00e1s informuj\u00fa o tom, ako spolo\u010dnos\u0165 Lactalis CZ, s.r.o. (\u010falej len &#8222;spolo\u010dnos\u0165&#8220; alebo &#8222;my&#8220;) z\u00edskava, uchov\u00e1va a sprac\u00fava va\u0161e osobn\u00e9 \u00fadaje v s\u00favislosti s v\u00fdrobou mlie\u010dnych v\u00fdrobkov a ako s va\u0161imi osobn\u00fdmi \u00fadajmi naklad\u00e1 a chr\u00e1ni ich. Osobn\u00e9 \u00fadaje s\u00fa [&hellip;]\" \/>\n<meta property=\"og:url\" content=\"https:\/\/letoschutigalbani.cz\/sk\/zasady-ochrany-osobnych-udajov\/\" \/>\n<meta property=\"og:site_name\" content=\"Galbani Mascarpone\" \/>\n<meta property=\"article:modified_time\" content=\"2025-06-09T13:20:18+00:00\" \/>\n<meta name=\"twitter:card\" content=\"summary_large_image\" \/>\n<meta name=\"twitter:label1\" content=\"Predpokladan\u00fd \u010das \u010d\u00edtania\" \/>\n\t<meta name=\"twitter:data1\" content=\"8 min\u00fat\" \/>\n<script type=\"application\/ld+json\" class=\"yoast-schema-graph\">{\"@context\":\"https:\\\/\\\/schema.org\",\"@graph\":[{\"@type\":\"WebPage\",\"@id\":\"https:\\\/\\\/letoschutigalbani.cz\\\/sk\\\/zasady-ochrany-osobnych-udajov\\\/\",\"url\":\"https:\\\/\\\/letoschutigalbani.cz\\\/sk\\\/zasady-ochrany-osobnych-udajov\\\/\",\"name\":\"Z\u00e1sady ochrany osobn\u00fdch \u00fadajov pre spotrebite\u013eov - Galbani Mascarpone\",\"isPartOf\":{\"@id\":\"https:\\\/\\\/letoschutigalbani.cz\\\/sk\\\/#website\"},\"datePublished\":\"2025-05-22T09:09:29+00:00\",\"dateModified\":\"2025-06-09T13:20:18+00:00\",\"breadcrumb\":{\"@id\":\"https:\\\/\\\/letoschutigalbani.cz\\\/sk\\\/zasady-ochrany-osobnych-udajov\\\/#breadcrumb\"},\"inLanguage\":\"sk-SK\",\"potentialAction\":[{\"@type\":\"ReadAction\",\"target\":[\"https:\\\/\\\/letoschutigalbani.cz\\\/sk\\\/zasady-ochrany-osobnych-udajov\\\/\"]}]},{\"@type\":\"BreadcrumbList\",\"@id\":\"https:\\\/\\\/letoschutigalbani.cz\\\/sk\\\/zasady-ochrany-osobnych-udajov\\\/#breadcrumb\",\"itemListElement\":[{\"@type\":\"ListItem\",\"position\":1,\"name\":\"Home\",\"item\":\"https:\\\/\\\/letoschutigalbani.cz\\\/sk\\\/domov\\\/\"},{\"@type\":\"ListItem\",\"position\":2,\"name\":\"Z\u00e1sady ochrany osobn\u00fdch \u00fadajov pre spotrebite\u013eov\"}]},{\"@type\":\"WebSite\",\"@id\":\"https:\\\/\\\/letoschutigalbani.cz\\\/sk\\\/#website\",\"url\":\"https:\\\/\\\/letoschutigalbani.cz\\\/sk\\\/\",\"name\":\"Galbani Mascarpone\",\"description\":\"Galbani Mascarpone\",\"publisher\":{\"@id\":\"https:\\\/\\\/letoschutigalbani.cz\\\/sk\\\/#organization\"},\"potentialAction\":[{\"@type\":\"SearchAction\",\"target\":{\"@type\":\"EntryPoint\",\"urlTemplate\":\"https:\\\/\\\/letoschutigalbani.cz\\\/sk\\\/?s={search_term_string}\"},\"query-input\":{\"@type\":\"PropertyValueSpecification\",\"valueRequired\":true,\"valueName\":\"search_term_string\"}}],\"inLanguage\":\"sk-SK\"},{\"@type\":\"Organization\",\"@id\":\"https:\\\/\\\/letoschutigalbani.cz\\\/sk\\\/#organization\",\"name\":\"Galbani Mascarpone\",\"url\":\"https:\\\/\\\/letoschutigalbani.cz\\\/sk\\\/\",\"logo\":{\"@type\":\"ImageObject\",\"inLanguage\":\"sk-SK\",\"@id\":\"https:\\\/\\\/letoschutigalbani.cz\\\/sk\\\/#\\\/schema\\\/logo\\\/image\\\/\",\"url\":\"https:\\\/\\\/letoschutigalbani.cz\\\/wp-content\\\/uploads\\\/2025\\\/05\\\/GALBANI_logo.svg\",\"contentUrl\":\"https:\\\/\\\/letoschutigalbani.cz\\\/wp-content\\\/uploads\\\/2025\\\/05\\\/GALBANI_logo.svg\",\"width\":595,\"height\":568,\"caption\":\"Galbani Mascarpone\"},\"image\":{\"@id\":\"https:\\\/\\\/letoschutigalbani.cz\\\/sk\\\/#\\\/schema\\\/logo\\\/image\\\/\"}}]}<\/script>\n<!-- \/ Yoast SEO plugin. -->","yoast_head_json":{"title":"Z\u00e1sady ochrany osobn\u00fdch \u00fadajov pre spotrebite\u013eov - Galbani Mascarpone","robots":{"index":"index","follow":"follow","max-snippet":"max-snippet:-1","max-image-preview":"max-image-preview:large","max-video-preview":"max-video-preview:-1"},"canonical":"https:\/\/letoschutigalbani.cz\/sk\/zasady-ochrany-osobnych-udajov\/","og_locale":"sk_SK","og_type":"article","og_title":"Z\u00e1sady ochrany osobn\u00fdch \u00fadajov pre spotrebite\u013eov - Galbani Mascarpone","og_description":"1. V\u0161eobecn\u00e9 ustanovenia Na ochranu osobn\u00fdch \u00fadajov kladieme ve\u013ek\u00fd d\u00f4raz. Tieto z\u00e1sady ochrany osobn\u00fdch \u00fadajov v\u00e1s informuj\u00fa o tom, ako spolo\u010dnos\u0165 Lactalis CZ, s.r.o. (\u010falej len &#8222;spolo\u010dnos\u0165&#8220; alebo &#8222;my&#8220;) z\u00edskava, uchov\u00e1va a sprac\u00fava va\u0161e osobn\u00e9 \u00fadaje v s\u00favislosti s v\u00fdrobou mlie\u010dnych v\u00fdrobkov a ako s va\u0161imi osobn\u00fdmi \u00fadajmi naklad\u00e1 a chr\u00e1ni ich. Osobn\u00e9 \u00fadaje s\u00fa [&hellip;]","og_url":"https:\/\/letoschutigalbani.cz\/sk\/zasady-ochrany-osobnych-udajov\/","og_site_name":"Galbani Mascarpone","article_modified_time":"2025-06-09T13:20:18+00:00","twitter_card":"summary_large_image","twitter_misc":{"Predpokladan\u00fd \u010das \u010d\u00edtania":"8 min\u00fat"},"schema":{"@context":"https:\/\/schema.org","@graph":[{"@type":"WebPage","@id":"https:\/\/letoschutigalbani.cz\/sk\/zasady-ochrany-osobnych-udajov\/","url":"https:\/\/letoschutigalbani.cz\/sk\/zasady-ochrany-osobnych-udajov\/","name":"Z\u00e1sady ochrany osobn\u00fdch \u00fadajov pre spotrebite\u013eov - Galbani Mascarpone","isPartOf":{"@id":"https:\/\/letoschutigalbani.cz\/sk\/#website"},"datePublished":"2025-05-22T09:09:29+00:00","dateModified":"2025-06-09T13:20:18+00:00","breadcrumb":{"@id":"https:\/\/letoschutigalbani.cz\/sk\/zasady-ochrany-osobnych-udajov\/#breadcrumb"},"inLanguage":"sk-SK","potentialAction":[{"@type":"ReadAction","target":["https:\/\/letoschutigalbani.cz\/sk\/zasady-ochrany-osobnych-udajov\/"]}]},{"@type":"BreadcrumbList","@id":"https:\/\/letoschutigalbani.cz\/sk\/zasady-ochrany-osobnych-udajov\/#breadcrumb","itemListElement":[{"@type":"ListItem","position":1,"name":"Home","item":"https:\/\/letoschutigalbani.cz\/sk\/domov\/"},{"@type":"ListItem","position":2,"name":"Z\u00e1sady ochrany osobn\u00fdch \u00fadajov pre spotrebite\u013eov"}]},{"@type":"WebSite","@id":"https:\/\/letoschutigalbani.cz\/sk\/#website","url":"https:\/\/letoschutigalbani.cz\/sk\/","name":"Galbani Mascarpone","description":"Galbani Mascarpone","publisher":{"@id":"https:\/\/letoschutigalbani.cz\/sk\/#organization"},"potentialAction":[{"@type":"SearchAction","target":{"@type":"EntryPoint","urlTemplate":"https:\/\/letoschutigalbani.cz\/sk\/?s={search_term_string}"},"query-input":{"@type":"PropertyValueSpecification","valueRequired":true,"valueName":"search_term_string"}}],"inLanguage":"sk-SK"},{"@type":"Organization","@id":"https:\/\/letoschutigalbani.cz\/sk\/#organization","name":"Galbani Mascarpone","url":"https:\/\/letoschutigalbani.cz\/sk\/","logo":{"@type":"ImageObject","inLanguage":"sk-SK","@id":"https:\/\/letoschutigalbani.cz\/sk\/#\/schema\/logo\/image\/","url":"https:\/\/letoschutigalbani.cz\/wp-content\/uploads\/2025\/05\/GALBANI_logo.svg","contentUrl":"https:\/\/letoschutigalbani.cz\/wp-content\/uploads\/2025\/05\/GALBANI_logo.svg","width":595,"height":568,"caption":"Galbani Mascarpone"},"image":{"@id":"https:\/\/letoschutigalbani.cz\/sk\/#\/schema\/logo\/image\/"}}]}},"_links":{"self":[{"href":"https:\/\/letoschutigalbani.cz\/sk\/wp-json\/wp\/v2\/pages\/591","targetHints":{"allow":["GET"]}}],"collection":[{"href":"https:\/\/letoschutigalbani.cz\/sk\/wp-json\/wp\/v2\/pages"}],"about":[{"href":"https:\/\/letoschutigalbani.cz\/sk\/wp-json\/wp\/v2\/types\/page"}],"author":[{"embeddable":true,"href":"https:\/\/letoschutigalbani.cz\/sk\/wp-json\/wp\/v2\/users\/1"}],"replies":[{"embeddable":true,"href":"https:\/\/letoschutigalbani.cz\/sk\/wp-json\/wp\/v2\/comments?post=591"}],"version-history":[{"count":4,"href":"https:\/\/letoschutigalbani.cz\/sk\/wp-json\/wp\/v2\/pages\/591\/revisions"}],"predecessor-version":[{"id":663,"href":"https:\/\/letoschutigalbani.cz\/sk\/wp-json\/wp\/v2\/pages\/591\/revisions\/663"}],"wp:attachment":[{"href":"https:\/\/letoschutigalbani.cz\/sk\/wp-json\/wp\/v2\/media?parent=591"}],"curies":[{"name":"wp","href":"https:\/\/api.w.org\/{rel}","templated":true}]}}